{"id":1378,"date":"2017-05-12T10:41:06","date_gmt":"2017-05-12T08:41:06","guid":{"rendered":"http:\/\/www.alexandradalu.com\/?page_id=1378\/"},"modified":"2024-08-26T15:33:22","modified_gmt":"2024-08-26T13:33:22","slug":"contact-us","status":"publish","type":"page","link":"https:\/\/www.alexandradalu.com\/en\/contact-us\/","title":{"rendered":"Contact Us"},"content":{"rendered":"<p><div class=\"fusion-fullwidth fullwidth-box fusion-builder-row-1 nonhundred-percent-fullwidth non-hundred-percent-height-scrolling\" style=\"--awb-background-position:left top;--awb-border-sizes-top:0px;--awb-border-sizes-bottom:0px;--awb-border-sizes-left:0px;--awb-border-sizes-right:0px;--awb-border-radius-top-left:0px;--awb-border-radius-top-right:0px;--awb-border-radius-bottom-right:0px;--awb-border-radius-bottom-left:0px;--awb-padding-top:110px;--awb-padding-bottom:100px;--awb-flex-wrap:wrap;\" ><div class=\"fusion-builder-row fusion-row\"><div class=\"fusion-layout-column fusion_builder_column fusion-builder-column-0 fusion_builder_column_1_1 1_1 fusion-one-full fusion-column-first fusion-column-last fusion-column-no-min-height\" style=\"--awb-bg-size:cover;--awb-margin-bottom:0px;\"><div class=\"fusion-column-wrapper fusion-flex-column-wrapper-legacy\"><div class=\"fusion-sep-clear\"><\/div><div class=\"fusion-separator fusion-full-width-sep\" style=\"margin-left: auto;margin-right: auto;width:100%;\"><div class=\"fusion-separator-border sep-single sep-solid\" style=\"--awb-height:20px;--awb-amount:20px;--awb-sep-color:#f44336;border-color:#f44336;border-top-width:5px;\"><\/div><\/div><div class=\"fusion-sep-clear\"><\/div><div class=\"fusion-clearfix\"><\/div><\/div><\/div><div class=\"fusion-layout-column fusion_builder_column fusion-builder-column-1 fusion_builder_column_1_1 1_1 fusion-one-full fusion-column-first fusion-column-last green-border rounded-border\" style=\"--awb-padding-top:55px;--awb-padding-right:60px;--awb-padding-bottom:20px;--awb-padding-left:60px;--awb-bg-color:#ffffff;--awb-bg-color-hover:#ffffff;--awb-bg-size:cover;--awb-border-color:#e2e2e2;--awb-border-top:1px;--awb-border-right:1px;--awb-border-bottom:1px;--awb-border-left:1px;--awb-border-style:solid;\"><div class=\"fusion-column-wrapper fusion-flex-column-wrapper-legacy\"><div class=\"fusion-content-boxes content-boxes columns row fusion-columns-4 fusion-columns-total-4 fusion-content-boxes-1 content-boxes-icon-on-top content-left\" style=\"--awb-iconcolor:#f44336;--awb-margin-bottom:20px;--awb-hover-accent-color:#9e9e9e;--awb-circle-hover-accent-color:transparent;\" data-animationOffset=\"top-into-view\"><div style=\"--awb-backgroundcolor:rgba(255,255,255,0);--awb-iconcolor:#f44336;\" class=\"fusion-column content-box-column content-box-column content-box-column-1 col-lg-3 col-md-3 col-sm-3 fusion-content-box-hover content-box-column-first-in-row\"><div class=\"col content-box-wrapper content-wrapper link-area-box icon-hover-animation-slide\" data-animationOffset=\"top-into-view\"><div class=\"heading heading-with-icon icon-left\"><div class=\"icon\"><i style=\"background-color:transparent;border-color:transparent;height:auto;width: 44px;line-height:normal;font-size:44px;\" aria-hidden=\"true\" class=\"fontawesome-icon fa-home fas circle-no\"><\/i><\/div><h2 class=\"content-box-heading\" style=\"--h2_typography-font-size:18px;line-height:23px;\">Address<\/h2><\/div><div class=\"fusion-clearfix\"><\/div><div class=\"content-container\">\n<p style=\"text-align: center;\">Cabinet Victor Hugo<br \/>\n113 avenue Victor Hugo<br \/>\n75016 Paris<br \/>\nDigicode: A6801<br \/>\nAfter the garden &#8211; 1st stage<\/p>\n<\/div><\/div><\/div><div style=\"--awb-backgroundcolor:rgba(255,255,255,0);--awb-iconcolor:#f44336;\" class=\"fusion-column content-box-column content-box-column content-box-column-2 col-lg-3 col-md-3 col-sm-3 fusion-content-box-hover \"><div class=\"col content-box-wrapper content-wrapper link-area-box icon-hover-animation-slide\" data-animationOffset=\"top-into-view\"><div class=\"heading heading-with-icon icon-left\"><div class=\"icon\"><i style=\"background-color:transparent;border-color:transparent;height:auto;width: 44px;line-height:normal;font-size:44px;\" aria-hidden=\"true\" class=\"fontawesome-icon fa fa-clock-o circle-no\"><\/i><\/div><h2 class=\"content-box-heading\" style=\"--h2_typography-font-size:18px;line-height:23px;\">Open Hours<\/h2><\/div><div class=\"fusion-clearfix\"><\/div><div class=\"content-container\">\n<p style=\"text-align: center;\">Wednesday: 10 am- 7.30 pm<br \/>\nTuesday: 10 am- 7.30 pm<br \/>\nFriday: 10 am- 7.30 pm<\/p>\n<\/div><\/div><\/div><div style=\"--awb-backgroundcolor:rgba(255,255,255,0);--awb-iconcolor:#f44336;\" class=\"fusion-column content-box-column content-box-column content-box-column-3 col-lg-3 col-md-3 col-sm-3 fusion-content-box-hover \"><div class=\"col content-box-wrapper content-wrapper link-area-box icon-hover-animation-slide\" data-animationOffset=\"top-into-view\"><div class=\"heading heading-with-icon icon-left\"><div class=\"icon\"><i style=\"background-color:transparent;border-color:transparent;height:auto;width: 44px;line-height:normal;font-size:44px;\" aria-hidden=\"true\" class=\"fontawesome-icon fa-phone fas circle-no\"><\/i><\/div><h2 class=\"content-box-heading\" style=\"--h2_typography-font-size:18px;line-height:23px;\">Phone<\/h2><\/div><div class=\"fusion-clearfix\"><\/div><div class=\"content-container\">\n<p style=\"text-align: center;\"><a style=\"color: #f44336;\" href=\"tel:01 45 05 19 19\" target=\"blank\" rel=\"noopener\">+33 1 45 05 19 19<\/a><\/p>\n<\/div><\/div><\/div><div style=\"--awb-backgroundcolor:rgba(255,255,255,0);--awb-iconcolor:#f44336;\" class=\"fusion-column content-box-column content-box-column content-box-column-4 col-lg-3 col-md-3 col-sm-3 fusion-content-box-hover content-box-column-last content-box-column-last-in-row\"><div class=\"col content-box-wrapper content-wrapper link-area-box icon-hover-animation-slide\" data-animationOffset=\"top-into-view\"><div class=\"heading heading-with-icon icon-left\"><div class=\"icon\"><i style=\"background-color:transparent;border-color:transparent;height:auto;width: 44px;line-height:normal;font-size:44px;\" aria-hidden=\"true\" class=\"fontawesome-icon fa fa-envelope-o circle-no\"><\/i><\/div><h2 class=\"content-box-heading\" style=\"--h2_typography-font-size:18px;line-height:23px;\">Email<\/h2><\/div><div class=\"fusion-clearfix\"><\/div><div class=\"content-container\">\n<p style=\"text-align: center;\"><a style=\"color: #f44336;\" href=\"mailto:alexandra.dalu@orange.fr\" target=\"blank\" rel=\"noopener\">alexandra.dalu@orange.fr<\/a><\/p>\n<\/div><\/div><\/div><div class=\"fusion-clearfix\"><\/div><\/div><div class=\"fusion-title title fusion-title-1 fusion-title-text fusion-title-size-one\" style=\"--awb-sep-color:#f44336;\"><h1 class=\"fusion-title-heading title-heading-left\" style=\"margin:0;\">TESTIMONIALS<\/h1><span class=\"awb-title-spacer\"><\/span><div class=\"title-sep-container\"><div class=\"title-sep sep-single sep-solid\" style=\"border-color:#f44336;\"><\/div><\/div><\/div><div class=\"fusion-testimonials clean awb-speech-bubble-show fusion-testimonials-1\" style=\"--awb-textcolor:#444444;--awb-backgroundcolor:rgba(244,67,54,0.35);--awb-testimonial-border-style:solid;--awb-testimonial-border-color:var(--awb-color3);--awb-border-top-left-radius:0px;--awb-border-top-right-radius:0px;--awb-border-bottom-left-radius:0px;--awb-border-bottom-right-radius:0px;--testimonial-border-width-top:0px;--testimonial-border-width-right:0px;--testimonial-border-width-bottom:0px;--testimonial-border-width-left:0px;\" data-random=\"1\" data-speed=\"4000\"><div class=\"reviews\"><div class=\"review active-testimonial avatar-above no-avatar\"><blockquote class=\"testimonials-shortcode-blockquote\"><div class=\"awb-quote\"><div class=\"awb-quote-content\">\n<p><span class=\"r-iv7WVHRqiah4\" style=\"color: #808080;\">Excellent m\u00e9decin \u00e0 l&#8217;\u00e9coute, d&#8217;excellent conseils.<\/span><\/p>\n<\/div><\/div><\/blockquote><div class=\"author\"><span class=\"company-name\"><strong>A\u00efcha HAMRI<\/strong><\/span><\/div><\/div><div class=\"review avatar-above no-avatar\"><blockquote class=\"testimonials-shortcode-blockquote\"><div class=\"awb-quote\"><div class=\"awb-quote-content\">\n<div>\n<div class=\"_ucl\" data-async-context=\"feature_id:0x47e66fefab40c343%3A0x7cdeb1125c519607;max_num:1;sort_by:qualityScore;start_index:1\"><span class=\"r-ict_3jlXJpmw\" style=\"color: #808080;\">Enfin un m\u00e9decin qui va au bout des choses ! Un bilan global pour d\u00e9celer le probl\u00e8me au-del\u00e0 des apparences. A recommander les yeux ferm\u00e9s.<\/span><\/div>\n<\/div>\n<\/div><\/div><\/blockquote><div class=\"author\"><span class=\"company-name\"><strong>Tiphaine NEVEU<\/strong><\/span><\/div><\/div><div class=\"review avatar-above no-avatar\"><blockquote class=\"testimonials-shortcode-blockquote\"><div class=\"awb-quote\"><div class=\"awb-quote-content\">\n<div>\n<div class=\"_ucl\" data-async-context=\"feature_id:0x47e66fefab40c343%3A0x7cdeb1125c519607;max_num:1;sort_by:qualityScore;start_index:1\"><span class=\"r-ict_3jlXJpmw\" style=\"color: #808080;\">Je suis venue voir le Dr Dalu pour un soucis que je trainais depuis de nombreuses ann\u00e9es et qui commen\u00e7ais s\u00e9rieusement \u00e0 me peser, \u00e0 savoir une perte de cheveux continue, sans v\u00e9ritable repousse. Apr\u00e8s avoir consult\u00e9 tout un tas de &#8220;sp\u00e9cialistes&#8221; au cours des ann\u00e9es, sans aucuns r\u00e9sultats, ni accompagnement, ni recherche vraiment approfondie avec des traitements prescrits \u00e0 la va vite, quel bonheur d&#8217;avoir enfin trouv\u00e9 quelqu&#8217;un qui non seulement cherche (et trouve) la cause, mais surtout qui apporte des solutions!! La m\u00e9soth\u00e9rapie, associ\u00e9 aux LED, est pour moi une r\u00e9volution, car apr\u00e8s seulement 4 s\u00e9ances, les r\u00e9sultats sont visibles, mes cheveux plus \u00e9pais, et surtout j&#8217;aper\u00e7ois des repousses apr\u00e8s 10 ans de gal\u00e8res! Le Dr Dalu propose une prise en charge globale qui est rassurante et efficace, elle est \u00e0 l&#8217;\u00e9coute, bref je ne peux que conseiller \u00e0 toutes celles et ceux qui cherchent des solutions d&#8217;aller la voir :)<\/span><\/div>\n<\/div>\n<\/div><\/div><\/blockquote><div class=\"author\"><span class=\"company-name\"><strong>Diane<\/strong><\/span><\/div><\/div><div class=\"review avatar-above no-avatar\"><blockquote class=\"testimonials-shortcode-blockquote\"><div class=\"awb-quote\"><div class=\"awb-quote-content\">\n<div>\n<div class=\"_ucl\" data-async-context=\"feature_id:0x47e66fefab40c343%3A0x7cdeb1125c519607;max_num:1;sort_by:qualityScore;start_index:0\"><span class=\"r-i2ZCvzG2WdNg\" style=\"color: #808080;\"><span class=\"review-full-text\">Le Docteur Dalu m&#8217;a gu\u00e9ri de 40 ans d&#8217;ecz\u00e9ma en 5 jours, apr\u00e8s avoir consult\u00e9 des dizaines de dermatologues, acupuncteurs, hom\u00e9opathes et j&#8217;en passe. Jamais aucun m\u00e9decin ne m&#8217;avait pr\u00e9conis\u00e9 un bilan biologique. Son diagnostique a \u00e9t\u00e9 rapide et brillant. La cause a \u00e9t\u00e9 trait\u00e9 puis avec une alimentation \u00e9quilibr\u00e9e en suppriment le sucre, je suis aujourd&#8217;hui totalement gu\u00e9ri, cela fait 5 mois et je revis. Infiniment reconnaissante, je recommande vivement.<\/span><\/span><\/div>\n<\/div>\n<\/div><\/div><\/blockquote><div class=\"author\"><span class=\"company-name\"><strong>Julie Cousin<\/strong><\/span><\/div><\/div><div class=\"review avatar-above no-avatar\"><blockquote class=\"testimonials-shortcode-blockquote\"><div class=\"awb-quote\"><div class=\"awb-quote-content\">\n<p><span class=\"r-ir4teHbmhPf8\" style=\"color: #808080;\">Un accompagnement comme je n&#8217;en avait jamais eu, d\u00e9tox et destress au top. Parfait pour mon rythme pro\/perso.<\/span><\/p>\n<\/div><\/div><\/blockquote><div class=\"author\"><span class=\"company-name\"><strong>Nicolas Laustriat<\/strong><\/span><\/div><\/div><\/div><div class=\"testimonial-pagination\" id=\"fusion-testimonials-1\"><a href=\"#\" aria-label=\"Testimonial Pagination\"  class=\"activeSlide\"><\/a><a href=\"#\" aria-label=\"Testimonial Pagination\" ><\/a><a href=\"#\" aria-label=\"Testimonial Pagination\" ><\/a><a href=\"#\" aria-label=\"Testimonial Pagination\" ><\/a><a href=\"#\" aria-label=\"Testimonial Pagination\" ><\/a><\/div><\/div><div class=\"fusion-clearfix\"><\/div><\/div><\/div><\/div><\/div><div class=\"fusion-fullwidth fullwidth-box fusion-builder-row-2 nonhundred-percent-fullwidth non-hundred-percent-height-scrolling\" style=\"--awb-border-radius-top-left:0px;--awb-border-radius-top-right:0px;--awb-border-radius-bottom-right:0px;--awb-border-radius-bottom-left:0px;--awb-flex-wrap:wrap;\" ><div class=\"fusion-builder-row fusion-row\"><div class=\"fusion-layout-column fusion_builder_column fusion-builder-column-2 fusion_builder_column_1_1 1_1 fusion-one-full fusion-column-first fusion-column-last\" style=\"--awb-bg-size:cover;--awb-margin-bottom:0px;\"><div class=\"fusion-column-wrapper fusion-flex-column-wrapper-legacy\"><div class=\"fusion-text fusion-text-1\"><p>\u00a0<\/p>\n<\/div><div class=\"fusion-clearfix\"><\/div><\/div><\/div><\/div><\/div><\/p>\n","protected":false},"excerpt":{"rendered":"","protected":false},"author":1,"featured_media":0,"parent":0,"menu_order":0,"comment_status":"closed","ping_status":"open","template":"100-width.php","meta":{"footnotes":""},"class_list":["post-1378","page","type-page","status-publish","hentry"],"aioseo_notices":[],"_links":{"self":[{"href":"https:\/\/www.alexandradalu.com\/en\/wp-json\/wp\/v2\/pages\/1378","targetHints":{"allow":["GET"]}}],"collection":[{"href":"https:\/\/www.alexandradalu.com\/en\/wp-json\/wp\/v2\/pages"}],"about":[{"href":"https:\/\/www.alexandradalu.com\/en\/wp-json\/wp\/v2\/types\/page"}],"author":[{"embeddable":true,"href":"https:\/\/www.alexandradalu.com\/en\/wp-json\/wp\/v2\/users\/1"}],"replies":[{"embeddable":true,"href":"https:\/\/www.alexandradalu.com\/en\/wp-json\/wp\/v2\/comments?post=1378"}],"version-history":[{"count":1,"href":"https:\/\/www.alexandradalu.com\/en\/wp-json\/wp\/v2\/pages\/1378\/revisions"}],"predecessor-version":[{"id":2098,"href":"https:\/\/www.alexandradalu.com\/en\/wp-json\/wp\/v2\/pages\/1378\/revisions\/2098"}],"wp:attachment":[{"href":"https:\/\/www.alexandradalu.com\/en\/wp-json\/wp\/v2\/media?parent=1378"}],"curies":[{"name":"wp","href":"https:\/\/api.w.org\/{rel}","templated":true}]}}