{"id":1207,"date":"2017-05-09T15:43:02","date_gmt":"2017-05-09T13:43:02","guid":{"rendered":"http:\/\/www.alexandradalu.com\/?page_id=1207\/"},"modified":"2025-01-15T08:20:42","modified_gmt":"2025-01-15T07:20:42","slug":"biography","status":"publish","type":"page","link":"https:\/\/www.alexandradalu.com\/en\/biography\/","title":{"rendered":"Biography"},"content":{"rendered":"<div class=\"fusion-fullwidth fullwidth-box fusion-builder-row-1 nonhundred-percent-fullwidth non-hundred-percent-height-scrolling\" style=\"--awb-border-radius-top-left:0px;--awb-border-radius-top-right:0px;--awb-border-radius-bottom-right:0px;--awb-border-radius-bottom-left:0px;--awb-flex-wrap:wrap;\" ><div class=\"fusion-builder-row fusion-row\"><div class=\"fusion-layout-column fusion_builder_column fusion-builder-column-0 fusion_builder_column_1_1 1_1 fusion-one-full fusion-column-first fusion-column-last\" style=\"--awb-bg-size:cover;\"><div class=\"fusion-column-wrapper fusion-flex-column-wrapper-legacy\"><div class=\"fusion-text fusion-text-1\"><h1>BIOGRAPHY OF DOCTOR ALEXANDRA DALU<\/h1>\n<p><img decoding=\"async\" class=\"lazyload wp-image-2116 alignleft\" src=\"data:image\/svg+xml,%3Csvg%20xmlns%3D%27http%3A%2F%2Fwww.w3.org%2F2000%2Fsvg%27%20width%3D%27262%27%20height%3D%27391%27%20viewBox%3D%270%200%20262%20391%27%3E%3Crect%20width%3D%27262%27%20height%3D%27391%27%20fill-opacity%3D%220%22%2F%3E%3C%2Fsvg%3E\" data-orig-src=\"https:\/\/www.alexandradalu.com\/wp-content\/uploads\/2025\/01\/alexandra-dalu.jpg\" alt=\"\" width=\"262\" height=\"391\" \/><br \/>\nAlexandra DALU doctor, lecturer, consultant, health writer. She practices medicine in Paris.<\/p>\n<p>After her french \u201cscientific baccalaureat\u201d obtained at the lyc\u00e9e Fran\u00e7ois I in Le Havre, she studies medicine.<br \/>\nHer curriculum takes place at the University Hospital of the Necker Hospital in Paris and she graduated from the University Paris V Necker child-sick \/ Ren\u00e9 Descartes.<\/p>\n<p>She obtained her doctorate in medicine with a very honorable mention for her thesis on obesity: &#8220;The psychological and social profile of obese patient candidate for bariatric surgery&#8221;. This work has expanded the management of obese patients to the practice of bariatric surgery such as sleeve, gastric banding and bypass, regardless of their psychiatric status.<br \/>\nIndeed, patients are assessed at a decision-making committee about the surgery according to their psychological state. Therefore, this thesis has shown that anxiety and depression are symptoms (and not diseases) of obesity disease that can be improved or even disappeared with surgical treatment. The same is true for diabetes, and arterial hypertension, which see surgical treatment outside the usual medication treatments.<\/p>\n<p>She worked for nearly 10 years as an assistant specialist in Paris hospitals in the hospital as an emergency doctor.<\/p>\n<p>In 2009, she returned to the faculty to complete her training and move towards anti-age medicine, preventive and multidisciplinary medicine that takes care of the patient as a whole.<br \/>\nThis specialty includes nutrition, micronutrition, aesthetic medicine, endocrinology, phytotherapy, sleep management, neurophysiology, preparation of sportsmen, while taking into consideration the treatment of medical pathologies. Anti-aging medicine was born in the United States in the 1990s and has not stopped advancing with the discoveries in the life sciences on the management of patients, in terms of preventive health , Predictive, curative and palliative.<\/p>\n<p>Dr. Dalu held a radio health chronicle, alongside Elodie Gossuin and Bruno Robles, in the morning \u00ab Le meilleur des r\u00e9veils \u00bb on RFM in 2016.<br \/>\nSince 2016, she is a health jornalist for the Luxembourg public magazine Janette and for the Anglo-Saxon magazine Bodylanguage, specialized in anti-aging and aesthetic medicine.<\/p>\n<p>She regularly speaks on television, radio, press and web, as well as at conferences on the subject of medical preparation of sportsmen and women of all levels and on the theme of preventive medicine.<\/p>\n<p>Alexandra Dalu is the author of &#8221; Les 100 id\u00e9es re\u00e7ues qui vous emp\u00eachent d\u2019aller bien &#8221; withTeddy Riner&#8217;s preface, and the foreword is written by the chef Yannick All\u00e9no. She is also the co-author of the book &#8221; Vive l\u2019alimentation c\u00e9tog\u00e8ne ! &#8220;, Explaining the benefits of a low-sugar diet rich in proteins, plants and lipids (good fats) on health.<\/p>\n<p><strong>Publications<\/strong><\/p>\n<p><strong>With <u>Val\u00e9rie Domain<\/u>:<\/strong><\/p>\n<p>\u00ab Les 100 id\u00e9es re\u00e7ues qui vous emp\u00eachent d\u2019aller bien \u00bb preface by \u00a0<u>Teddy Riner<\/u>, Edition Leduc.s (septembre 2015) ISBN 1028501153<\/p>\n<p>\u00ab Vivre en sant\u00e9 \u00bb the book adaptation of \u00ab Les 100 id\u00e9es re\u00e7ues \u00bb for the Canada, \u00c9dition Gallimard, (January 2016)<\/p>\n<p>ISBN 9782924402757<\/p>\n<p><strong>Co-author with <u>Alix Lefief-Delcourt:<\/u><\/strong><\/p>\n<p>\u00ab Vive l\u2019alimentation c\u00e9tog\u00e8ne ! \u00bb Edition Leduc.s (April 2016)<\/p>\n<p>ISBN 1028501986<\/p>\n<p><strong>With the foreword of <\/strong><strong>Yannick All\u00e9no:<\/strong><\/p>\n<p>\u00ab Les 100 id\u00e9es re\u00e7ues qui vous emp\u00eachent d&#8217;aller bien, le guide sant\u00e9 pour tous \u00bb, Edition Leduc.s (February 2017)<\/p>\n<p>ISBN 9791028503253<\/p>\n<p><strong>Scientific articles:<\/strong><\/p>\n<p>\u201cAlop\u00e9cie et m\u00e9soth\u00e9rapie\u201d, Journal de m\u00e9decine esth\u00e9tique et de chirurgie dermatologique N\u00b0 159, page 167 (September 2015)<\/p>\n<p>ISSN 0249-6580<\/p>\n<\/div><div class=\"fusion-clearfix\"><\/div><\/div><\/div><\/div><\/div>\n","protected":false},"excerpt":{"rendered":"","protected":false},"author":1,"featured_media":0,"parent":0,"menu_order":0,"comment_status":"closed","ping_status":"closed","template":"","meta":{"footnotes":""},"class_list":["post-1207","page","type-page","status-publish","hentry"],"aioseo_notices":[],"_links":{"self":[{"href":"https:\/\/www.alexandradalu.com\/en\/wp-json\/wp\/v2\/pages\/1207","targetHints":{"allow":["GET"]}}],"collection":[{"href":"https:\/\/www.alexandradalu.com\/en\/wp-json\/wp\/v2\/pages"}],"about":[{"href":"https:\/\/www.alexandradalu.com\/en\/wp-json\/wp\/v2\/types\/page"}],"author":[{"embeddable":true,"href":"https:\/\/www.alexandradalu.com\/en\/wp-json\/wp\/v2\/users\/1"}],"replies":[{"embeddable":true,"href":"https:\/\/www.alexandradalu.com\/en\/wp-json\/wp\/v2\/comments?post=1207"}],"version-history":[{"count":2,"href":"https:\/\/www.alexandradalu.com\/en\/wp-json\/wp\/v2\/pages\/1207\/revisions"}],"predecessor-version":[{"id":2127,"href":"https:\/\/www.alexandradalu.com\/en\/wp-json\/wp\/v2\/pages\/1207\/revisions\/2127"}],"wp:attachment":[{"href":"https:\/\/www.alexandradalu.com\/en\/wp-json\/wp\/v2\/media?parent=1207"}],"curies":[{"name":"wp","href":"https:\/\/api.w.org\/{rel}","templated":true}]}}